{"id":412,"date":"2024-01-16T10:40:18","date_gmt":"2024-01-16T10:40:18","guid":{"rendered":"https:\/\/drehmoment-entwicklung.webdesign-schwaben.de\/?page_id=412"},"modified":"2024-10-19T10:20:37","modified_gmt":"2024-10-19T10:20:37","slug":"programm-2024","status":"publish","type":"page","link":"https:\/\/adventsmarkt-moedingen-2024.webdesign-schwaben.de\/index.php\/programm-2024\/","title":{"rendered":"Programm 2024"},"content":{"rendered":"<p>[et_pb_section fb_built=&#8220;1&#8243; fullwidth=&#8220;on&#8220; _builder_version=&#8220;4.27.0&#8243; _module_preset=&#8220;default&#8220; background_color=&#8220;RGBA(255,255,255,0)&#8220; background_enable_image=&#8220;off&#8220; bottom_divider_style=&#8220;graph4&#8243; bottom_divider_color=&#8220;#FFFFFF&#8220; global_colors_info=&#8220;{}&#8220;][et_pb_fullwidth_slider use_bg_overlay=&#8220;off&#8220; use_text_overlay=&#8220;off&#8220; _builder_version=&#8220;4.27.0&#8243; _module_preset=&#8220;default&#8220; background_enable_image=&#8220;off&#8220; custom_button=&#8220;on&#8220; min_height=&#8220;326px&#8220; custom_padding=&#8220;78px||140px|||&#8220; animation_style=&#8220;fade&#8220; global_colors_info=&#8220;{}&#8220;][et_pb_slide heading=&#8220;Unser Programm  2024&#8243; use_bg_overlay=&#8220;on&#8220; bg_overlay_color=&#8220;rgba(0,0,0,0.37)&#8220; _builder_version=&#8220;4.27.0&#8243; _module_preset=&#8220;default&#8220; background_color=&#8220;rgba(56,56,56,0.7)&#8220; background_enable_color=&#8220;on&#8220; background_image=&#8220;https:\/\/adventsmarkt-moedingen-2024.webdesign-schwaben.de\/wp-content\/uploads\/2024\/07\/shapeimage_9-150&#215;146-1.png&#8220; background_enable_image=&#8220;on&#8220; global_colors_info=&#8220;{}&#8220; sticky_transition=&#8220;on&#8220;]<\/p>\n<p>1234 Hallo<\/p>\n<p>[\/et_pb_slide][\/et_pb_fullwidth_slider][\/et_pb_section][et_pb_section fb_built=&#8220;1&#8243; _builder_version=&#8220;4.22.2&#8243; _module_preset=&#8220;default&#8220; custom_padding=&#8220;||2px|||&#8220; global_colors_info=&#8220;{}&#8220;][et_pb_row _builder_version=&#8220;4.16&#8243; _module_preset=&#8220;default&#8220; global_colors_info=&#8220;{}&#8220;][et_pb_column type=&#8220;4_4&#8243; _builder_version=&#8220;4.16&#8243; _module_preset=&#8220;default&#8220; global_colors_info=&#8220;{}&#8220;][et_pb_text disabled_on=&#8220;off|off|off&#8220; _builder_version=&#8220;4.27.0&#8243; text_font=&#8220;Arial||||||||&#8220; text_text_color=&#8220;#0C71C3&#8243; text_font_size=&#8220;18px&#8220; text_line_height=&#8220;2em&#8220; header_font=&#8220;Arial||||||||&#8220; header_text_align=&#8220;center&#8220; header_text_color=&#8220;#0C71C3&#8243; header_font_size=&#8220;28px&#8220; header_line_height=&#8220;1.2em&#8220; custom_margin=&#8220;|||&#8220; hover_enabled=&#8220;0&#8243; text_font_size_tablet=&#8220;&#8220; text_font_size_phone=&#8220;16px&#8220; text_font_size_last_edited=&#8220;on|phone&#8220; header_font_size_tablet=&#8220;50px&#8220; header_font_size_phone=&#8220;40px&#8220; header_font_size_last_edited=&#8220;on|phone&#8220; locked=&#8220;off&#8220; global_colors_info=&#8220;{}&#8220; sticky_enabled=&#8220;0&#8243;]<\/p>\n<h1><span style=\"color: #ff0000;\">Programm 2024<\/span><\/h1>\n<p>[\/et_pb_text][et_pb_text _builder_version=&#8220;4.27.0&#8243; _module_preset=&#8220;default&#8220; global_colors_info=&#8220;{}&#8220;]<\/p>\n<div class=\"vc_row wpb_row vc_row-fluid vc_custom_1465353103670\">\n<div class=\"wpb_column vc_column_container vc_col-sm-12\">\n<div class=\"vc_column-inner\">\n<div class=\"wpb_wrapper\">\n<div id=\"ultimate-heading-5976669e54651370a\" class=\"uvc-heading ult-adjust-bottom-margin ultimate-heading-5976669e54651370a uvc-8902 \" data-hspacer=\"no_spacer\" data-halign=\"center\">\n<div class=\"uvc-sub-heading ult-responsive\" data-ultimate-target=\".uvc-heading.ultimate-heading-5976669e54651370a .uvc-sub-heading \" data-responsive-json-new=\"{&quot;font-size&quot;:&quot;&quot;,&quot;line-height&quot;:&quot;&quot;}\">\n<p data-wahfont=\"14\" style=\"text-align: center;\">F\u00fcr den Adventsmarkt 2023 haben wir ein Programm f\u00fcr Gro\u00df und Klein zusammengestellt:<\/p>\n<\/div>\n<\/div>\n<\/div>\n<\/div>\n<\/div>\n<\/div>\n<div class=\"vc_row wpb_row vc_row-fluid vc_custom_1540821585847\">\n<div class=\"wpb_column vc_column_container vc_col-sm-12\">\n<div class=\"vc_column-inner\">\n<div class=\"wpb_wrapper\">\n<div class=\"wpb_text_column wpb_content_element \">\n<div class=\"wpb_wrapper\">\n<p data-wahfont=\"14\" style=\"text-align: center;\"><strong><span data-wahfont=\"14\">\u00a0\u00dcbersicht der Veranstaltungen\u00a0<\/span><\/strong><strong><span data-wahfont=\"14\">und H\u00fcttenplan<\/span><\/strong><\/p>\n<\/div>\n<\/div>\n<\/div>\n<\/div>\n<\/div>\n<\/div>\n<p>[\/et_pb_text][\/et_pb_column][\/et_pb_row][et_pb_row column_structure=&#8220;1_3,1_3,1_3&#8243; _builder_version=&#8220;4.27.0&#8243; _module_preset=&#8220;default&#8220; global_colors_info=&#8220;{}&#8220;][et_pb_column type=&#8220;1_3&#8243; _builder_version=&#8220;4.27.0&#8243; _module_preset=&#8220;default&#8220; global_colors_info=&#8220;{}&#8220;][et_pb_image src=&#8220;https:\/\/adventsmarkt-moedingen-2024.webdesign-schwaben.de\/wp-content\/uploads\/2024\/07\/shapeimage_14-150&#215;149-1.png&#8220; title_text=&#8220;shapeimage_14-150&#215;149&#8243; align=&#8220;center&#8220; _builder_version=&#8220;4.27.0&#8243; _module_preset=&#8220;default&#8220; global_colors_info=&#8220;{}&#8220;][\/et_pb_image][\/et_pb_column][et_pb_column type=&#8220;1_3&#8243; _builder_version=&#8220;4.27.0&#8243; _module_preset=&#8220;default&#8220; global_colors_info=&#8220;{}&#8220;][et_pb_image src=&#8220;https:\/\/adventsmarkt-moedingen-2024.webdesign-schwaben.de\/wp-content\/uploads\/2024\/07\/shapeimage_11-150&#215;132-1.png&#8220; title_text=&#8220;shapeimage_11-150&#215;132&#8243; align=&#8220;center&#8220; _builder_version=&#8220;4.27.0&#8243; _module_preset=&#8220;default&#8220; global_colors_info=&#8220;{}&#8220;][\/et_pb_image][\/et_pb_column][et_pb_column type=&#8220;1_3&#8243; _builder_version=&#8220;4.27.0&#8243; _module_preset=&#8220;default&#8220; global_colors_info=&#8220;{}&#8220;][et_pb_image src=&#8220;https:\/\/adventsmarkt-moedingen-2024.webdesign-schwaben.de\/wp-content\/uploads\/2024\/07\/shapeimage_9-150&#215;146-1.png&#8220; title_text=&#8220;shapeimage_9-150&#215;146&#8243; align=&#8220;center&#8220; _builder_version=&#8220;4.27.0&#8243; _module_preset=&#8220;default&#8220; global_colors_info=&#8220;{}&#8220;][\/et_pb_image][\/et_pb_column][\/et_pb_row][\/et_pb_section][et_pb_section fb_built=&#8220;1&#8243; specialty=&#8220;on&#8220; _builder_version=&#8220;4.22.2&#8243; _module_preset=&#8220;default&#8220; background_color=&#8220;#f4f4f4&#8243; custom_margin=&#8220;-7px|||||&#8220; custom_padding=&#8220;3px|||||&#8220; global_colors_info=&#8220;{}&#8220;][et_pb_column type=&#8220;1_2&#8243; _builder_version=&#8220;4.16&#8243; custom_padding=&#8220;|||&#8220; global_colors_info=&#8220;{}&#8220; custom_padding__hover=&#8220;|||&#8220;][et_pb_blurb title=&#8220;Lorem Ipsum&#8220; url=&#8220;@ET-DC@eyJkeW5hbWljIjp0cnVlLCJjb250ZW50IjoicG9zdF9saW5rX3VybF9wYWdlIiwic2V0dGluZ3MiOnsicG9zdF9pZCI6IjQyMSJ9fQ==@&#8220; image=&#8220;https:\/\/adventsmarkt-moedingen-2024.webdesign-schwaben.de\/wp-content\/uploads\/2024\/10\/Foerderverein.jpg&#8220; _builder_version=&#8220;4.27.0&#8243; _dynamic_attributes=&#8220;url&#8220; _module_preset=&#8220;default&#8220; header_font=&#8220;Arial||||||||&#8220; header_font_size=&#8220;26px&#8220; body_font=&#8220;Arial||||||||&#8220; body_font_size=&#8220;19px&#8220; animation_style=&#8220;slide&#8220; animation_direction=&#8220;left&#8220; global_colors_info=&#8220;{}&#8220;]<\/p>\n<p>Lorem Ipsum was schreiben<\/p>\n<p>[\/et_pb_blurb][\/et_pb_column][et_pb_column type=&#8220;1_2&#8243; specialty_columns=&#8220;2&#8243; _builder_version=&#8220;4.16&#8243; custom_padding=&#8220;|||&#8220; global_colors_info=&#8220;{}&#8220; custom_padding__hover=&#8220;|||&#8220;][et_pb_row_inner _builder_version=&#8220;4.22.2&#8243; _module_preset=&#8220;default&#8220; animation_style=&#8220;slide&#8220; animation_direction=&#8220;right&#8220; global_colors_info=&#8220;{}&#8220;][et_pb_column_inner saved_specialty_column_type=&#8220;1_2&#8243; _builder_version=&#8220;4.22.2&#8243; _module_preset=&#8220;default&#8220; global_colors_info=&#8220;{}&#8220;][et_pb_blurb title=&#8220;2&#8243; url=&#8220;@ET-DC@eyJkeW5hbWljIjp0cnVlLCJjb250ZW50IjoicG9zdF9saW5rX3VybF9wYWdlIiwic2V0dGluZ3MiOnsicG9zdF9pZCI6IjQyMSJ9fQ==@&#8220; image=&#8220;https:\/\/adventsmarkt-moedingen-2024.webdesign-schwaben.de\/wp-content\/uploads\/woocommerce-placeholder.png&#8220; _builder_version=&#8220;4.27.0&#8243; _dynamic_attributes=&#8220;url&#8220; _module_preset=&#8220;default&#8220; header_font=&#8220;Arial||||||||&#8220; header_font_size=&#8220;26px&#8220; body_font=&#8220;Arial||||||||&#8220; body_font_size=&#8220;19px&#8220; animation_style=&#8220;slide&#8220; animation_direction=&#8220;left&#8220; global_colors_info=&#8220;{}&#8220;]<\/p>\n<p>Lorem Ipsum<\/p>\n<p>[\/et_pb_blurb][\/et_pb_column_inner][\/et_pb_row_inner][\/et_pb_column][\/et_pb_section][et_pb_section fb_built=&#8220;1&#8243; _builder_version=&#8220;4.27.0&#8243; _module_preset=&#8220;default&#8220; global_colors_info=&#8220;{}&#8220;][et_pb_row _builder_version=&#8220;4.27.0&#8243; _module_preset=&#8220;default&#8220; global_colors_info=&#8220;{}&#8220;][et_pb_column type=&#8220;4_4&#8243; _builder_version=&#8220;4.27.0&#8243; _module_preset=&#8220;default&#8220; global_colors_info=&#8220;{}&#8220;][et_pb_divider color=&#8220;#E02B20&#8243; divider_weight=&#8220;6px&#8220; _builder_version=&#8220;4.27.0&#8243; _module_preset=&#8220;default&#8220; module_alignment=&#8220;center&#8220; global_colors_info=&#8220;{}&#8220;][\/et_pb_divider][\/et_pb_column][\/et_pb_row][\/et_pb_section][et_pb_section fb_built=&#8220;1&#8243; _builder_version=&#8220;4.27.0&#8243; _module_preset=&#8220;default&#8220; module_alignment=&#8220;center&#8220; global_colors_info=&#8220;{}&#8220;][et_pb_row use_custom_gutter=&#8220;on&#8220; gutter_width=&#8220;2&#8243; make_equal=&#8220;on&#8220; _builder_version=&#8220;4.27.0&#8243; _module_preset=&#8220;default&#8220; width=&#8220;100%&#8220; max_width=&#8220;1476px&#8220; module_alignment=&#8220;center&#8220; global_colors_info=&#8220;{}&#8220;][et_pb_column type=&#8220;4_4&#8243; _builder_version=&#8220;4.27.0&#8243; _module_preset=&#8220;default&#8220; global_colors_info=&#8220;{}&#8220;][et_pb_blog fullwidth=&#8220;off&#8220; posts_number=&#8220;25&#8243; include_categories=&#8220;47&#8243; show_author=&#8220;off&#8220; show_date=&#8220;off&#8220; _builder_version=&#8220;4.27.0&#8243; _module_preset=&#8220;default&#8220; global_colors_info=&#8220;{}&#8220;][\/et_pb_blog][\/et_pb_column][\/et_pb_row][\/et_pb_section]<\/p>\n","protected":false},"excerpt":{"rendered":"<p>1234 HalloProgramm 2024 F\u00fcr den Adventsmarkt 2023 haben wir ein Programm f\u00fcr Gro\u00df und Klein zusammengestellt: \u00a0\u00dcbersicht der Veranstaltungen\u00a0und H\u00fcttenplan Lorem Ipsum was schreibenLorem Ipsum<\/p>\n","protected":false},"author":1,"featured_media":0,"parent":0,"menu_order":0,"comment_status":"closed","ping_status":"closed","template":"","meta":{"_et_pb_use_builder":"on","_et_pb_old_content":"<p>[et_pb_section fb_built=\"1\" fullwidth=\"on\" _builder_version=\"4.22.2\" _module_preset=\"default\" hover_enabled=\"0\" global_colors_info=\"{}\" title_text=\"Drehmoment-01050\" sticky_enabled=\"0\" background_enable_image=\"off\" bottom_divider_style=\"arrow2\" bottom_divider_color=\"#FFFFFF\"][et_pb_fullwidth_slider _builder_version=\"4.22.2\" _module_preset=\"default\" hover_enabled=\"0\" global_colors_info=\"{}\" title_text=\"Drehmoment-01050\" background_image=\"https:\/\/adventsmarkt-moedingen-2024.webdesign-schwaben.de\/wp-content\/uploads\/2024\/01\/Drehmoment-01050.jpg\" parallax=\"on\" parallax_method=\"on\" sticky_enabled=\"0\"][et_pb_slide heading=\"Ihr Titel\" button_text=\"Klicks\" _builder_version=\"4.22.2\" _module_preset=\"default\" global_colors_info=\"{}\" sticky_transition=\"on\"]<\/p><p>Your content goes here. Edit or remove this text inline or in the module Content settings. You can also style every aspect of this content in the module Design settings and even apply custom CSS to this text in the module Advanced settings.<\/p><p>[\/et_pb_slide][et_pb_slide heading=\"Ihr Titel\" button_text=\"Klicks\" _builder_version=\"4.22.2\" _module_preset=\"default\" global_colors_info=\"{}\" sticky_transition=\"on\"]<\/p><p>Your content goes here. Edit or remove this text inline or in the module Content settings. You can also style every aspect of this content in the module Design settings and even apply custom CSS to this text in the module Advanced settings.<\/p><p>[\/et_pb_slide][\/et_pb_fullwidth_slider][\/et_pb_section][et_pb_section fb_built=\"1\" _builder_version=\"4.22.2\" _module_preset=\"default\" custom_padding=\"||44px|||\" hover_enabled=\"0\" global_colors_info=\"{}\" sticky_enabled=\"0\"][et_pb_row _builder_version=\"4.16\" _module_preset=\"default\" global_colors_info=\"{}\"][et_pb_column type=\"4_4\" _builder_version=\"4.16\" _module_preset=\"default\" global_colors_info=\"{}\"][et_pb_text _builder_version=\"4.22.2\" text_font=\"Arial||||||||\" text_text_color=\"#0C71C3\" text_font_size=\"18px\" text_line_height=\"2em\" header_font=\"Arial||||||||\" header_text_align=\"center\" header_text_color=\"#0C71C3\" header_font_size=\"28px\" header_line_height=\"1.2em\" custom_margin=\"|||\" text_font_size_tablet=\"\" text_font_size_phone=\"16px\" text_font_size_last_edited=\"on|phone\" header_font_size_tablet=\"50px\" header_font_size_phone=\"40px\" header_font_size_last_edited=\"on|phone\" locked=\"off\" global_colors_info=\"{}\"]<\/p><h1>Hier entstehen die neuen Seiten von Drehmoment GmbH<\/h1><p>[\/et_pb_text][\/et_pb_column][\/et_pb_row][\/et_pb_section][et_pb_section fb_built=\"1\" specialty=\"on\" _builder_version=\"4.22.2\" _module_preset=\"default\" hover_enabled=\"0\" global_colors_info=\"{}\" background_color=\"#f4f4f4\" sticky_enabled=\"0\"][et_pb_column type=\"1_2\" _builder_version=\"4.16\" custom_padding=\"|||\" global_colors_info=\"{}\" custom_padding__hover=\"|||\"][et_pb_blurb title=\"Ihr Titel\" image=\"data:image\/svg+xml;base64,PHN2ZyB3aWR0aD0iMTA4MCIgaGVpZ2h0PSI1NDAiIHZpZXdCb3g9IjAgMCAxMDgwIDU0MCIgeG1sbnM9Imh0dHA6Ly93d3cudzMub3JnLzIwMDAvc3ZnIj4KICAgIDxnIGZpbGw9Im5vbmUiIGZpbGwtcnVsZT0iZXZlbm9kZCI+CiAgICAgICAgPHBhdGggZmlsbD0iI0VCRUJFQiIgZD0iTTAgMGgxMDgwdjU0MEgweiIvPgogICAgICAgIDxwYXRoIGQ9Ik00NDUuNjQ5IDU0MGgtOTguOTk1TDE0NC42NDkgMzM3Ljk5NSAwIDQ4Mi42NDR2LTk4Ljk5NWwxMTYuMzY1LTExNi4zNjVjMTUuNjItMTUuNjIgNDAuOTQ3LTE1LjYyIDU2LjU2OCAwTDQ0NS42NSA1NDB6IiBmaWxsLW9wYWNpdHk9Ii4xIiBmaWxsPSIjMDAwIiBmaWxsLXJ1bGU9Im5vbnplcm8iLz4KICAgICAgICA8Y2lyY2xlIGZpbGwtb3BhY2l0eT0iLjA1IiBmaWxsPSIjMDAwIiBjeD0iMzMxIiBjeT0iMTQ4IiByPSI3MCIvPgogICAgICAgIDxwYXRoIGQ9Ik0xMDgwIDM3OXYxMTMuMTM3TDcyOC4xNjIgMTQwLjMgMzI4LjQ2MiA1NDBIMjE1LjMyNEw2OTkuODc4IDU1LjQ0NmMxNS42Mi0xNS42MiA0MC45NDgtMTUuNjIgNTYuNTY4IDBMMTA4MCAzNzl6IiBmaWxsLW9wYWNpdHk9Ii4yIiBmaWxsPSIjMDAwIiBmaWxsLXJ1bGU9Im5vbnplcm8iLz4KICAgIDwvZz4KPC9zdmc+Cg==\" _builder_version=\"4.22.2\" _module_preset=\"default\" global_colors_info=\"{}\"]<\/p><p>Your content goes here. Edit or remove this text inline or in the module Content settings. You can also style every aspect of this content in the module Design settings and even apply custom CSS to this text in the module Advanced settings.<\/p><p>[\/et_pb_blurb][\/et_pb_column][et_pb_column type=\"1_2\" specialty_columns=\"2\" _builder_version=\"4.16\" custom_padding=\"|||\" global_colors_info=\"{}\" custom_padding__hover=\"|||\"][et_pb_row_inner _builder_version=\"4.22.2\" _module_preset=\"default\" global_colors_info=\"{}\"][et_pb_column_inner saved_specialty_column_type=\"1_2\" _builder_version=\"4.22.2\" _module_preset=\"default\" global_colors_info=\"{}\"][et_pb_blurb title=\"Lorem Ipsum Titel\" image=\"data:image\/svg+xml;base64,PHN2ZyB3aWR0aD0iMTA4MCIgaGVpZ2h0PSI1NDAiIHZpZXdCb3g9IjAgMCAxMDgwIDU0MCIgeG1sbnM9Imh0dHA6Ly93d3cudzMub3JnLzIwMDAvc3ZnIj4KICAgIDxnIGZpbGw9Im5vbmUiIGZpbGwtcnVsZT0iZXZlbm9kZCI+CiAgICAgICAgPHBhdGggZmlsbD0iI0VCRUJFQiIgZD0iTTAgMGgxMDgwdjU0MEgweiIvPgogICAgICAgIDxwYXRoIGQ9Ik00NDUuNjQ5IDU0MGgtOTguOTk1TDE0NC42NDkgMzM3Ljk5NSAwIDQ4Mi42NDR2LTk4Ljk5NWwxMTYuMzY1LTExNi4zNjVjMTUuNjItMTUuNjIgNDAuOTQ3LTE1LjYyIDU2LjU2OCAwTDQ0NS42NSA1NDB6IiBmaWxsLW9wYWNpdHk9Ii4xIiBmaWxsPSIjMDAwIiBmaWxsLXJ1bGU9Im5vbnplcm8iLz4KICAgICAgICA8Y2lyY2xlIGZpbGwtb3BhY2l0eT0iLjA1IiBmaWxsPSIjMDAwIiBjeD0iMzMxIiBjeT0iMTQ4IiByPSI3MCIvPgogICAgICAgIDxwYXRoIGQ9Ik0xMDgwIDM3OXYxMTMuMTM3TDcyOC4xNjIgMTQwLjMgMzI4LjQ2MiA1NDBIMjE1LjMyNEw2OTkuODc4IDU1LjQ0NmMxNS42Mi0xNS42MiA0MC45NDgtMTUuNjIgNTYuNTY4IDBMMTA4MCAzNzl6IiBmaWxsLW9wYWNpdHk9Ii4yIiBmaWxsPSIjMDAwIiBmaWxsLXJ1bGU9Im5vbnplcm8iLz4KICAgIDwvZz4KPC9zdmc+Cg==\" _builder_version=\"4.22.2\" _module_preset=\"default\" global_colors_info=\"{}\"]<\/p><p>Your content goes here. Edit or remove this text inline or in the module Content settings. You can also style every aspect of this content in the module Design settings and even apply custom CSS to this text in the module Advanced settings.<\/p><p>[\/et_pb_blurb][\/et_pb_column_inner][\/et_pb_row_inner][\/et_pb_column][\/et_pb_section][et_pb_section fb_built=\"1\" _builder_version=\"4.22.2\" _module_preset=\"default\" background_color=\"#45ac34\" use_background_color_gradient=\"on\" background_color_gradient_stops=\"#0c71c3 0%|rgba(41,196,169,0.47) 100%\" background_color_gradient_overlays_image=\"on\" background_image=\"https:\/\/adventsmarkt-moedingen-2024.webdesign-schwaben.de\/wp-content\/uploads\/2024\/01\/Drehmoment-01052.jpg\" hover_enabled=\"0\" global_colors_info=\"{}\" top_divider_style=\"arrow\" top_divider_height=\"57px\" top_divider_flip=\"vertical\" sticky_enabled=\"0\" prev_background_color=\"#f4f4f4\"][et_pb_row column_structure=\"1_2,1_2\" padding_top_bottom_link_2=\"true\" padding_left_right_link_2=\"true\" _builder_version=\"4.16\" background_color=\"RGBA(255,255,255,0)\" min_height=\"266.9px\" custom_padding=\"|30px||30px|false|true\" global_colors_info=\"{}\"][et_pb_column type=\"1_2\" _builder_version=\"4.16\" custom_padding=\"|||\" global_colors_info=\"{}\" custom_padding__hover=\"|||\"][et_pb_text _builder_version=\"4.22.2\" text_font=\"Arial||||||||\" text_text_color=\"#FFFFFF\" text_font_size=\"15px\" header_font=\"Amiko||||||||\" header_4_font=\"Amiko||||||||\" header_4_text_color=\"rgba(0,0,0,0.5)\" header_4_font_size=\"14px\" header_4_line_height=\"1.5em\" global_colors_info=\"{}\"]<\/p><p class=\"p1\">Unsere Hauptverwaltung:<\/p><h4>\u00a0<\/h4><p>[\/et_pb_text][et_pb_blurb title=\"+49 xxx xxx x\" use_icon=\"on\" font_icon=\"\ue090||divi||400\" icon_color=\"#FFFFFF\" image_icon_background_color=\"RGBA(255,255,255,0)\" icon_placement=\"left\" image_icon_width=\"20px\" _builder_version=\"4.22.2\" header_font=\"Arial||||||||\" header_text_color=\"#FFFFFF\" header_font_size=\"15px\" header_line_height=\"1.8em\" body_font=\"Arial||||||||\" background_layout=\"dark\" custom_margin=\"20px|||\" animation=\"off\" icon_font_size=\"20px\" global_colors_info=\"{}\"][\/et_pb_blurb][et_pb_blurb title=\"Drehmoment GmbH\" use_icon=\"on\" font_icon=\"\ue081||divi||400\" icon_color=\"#FFFFFF\" icon_placement=\"left\" image_icon_width=\"20px\" _builder_version=\"4.22.2\" header_font=\"Arial||||||||\" header_text_color=\"#FFFFFF\" header_font_size=\"15px\" header_line_height=\"1.8em\" body_font=\"Arial||||||||\" background_layout=\"dark\" custom_margin=\"20px|||\" animation=\"off\" icon_font_size=\"20px\" global_colors_info=\"{}\"]<\/p><p>DREHMOMENT GMBH<br \/>Kontakt:<\/p><p>Josef Hofer<br \/>Hauptstra\u00dfe 9<br \/>86637 Wertingen<\/p><p>info@drehmoment.de<\/p><p>[\/et_pb_blurb][\/et_pb_column][et_pb_column type=\"1_2\" _builder_version=\"4.16\" custom_padding=\"|||\" global_colors_info=\"{}\" custom_padding__hover=\"|||\"][et_pb_contact_form email=\"info@rekular.de\" _builder_version=\"4.22.2\" _module_preset=\"default\" _unique_id=\"d29460f4-955e-42e9-9ad6-cc3da50b4835\" form_field_background_color=\"#FFFFFF\" form_field_text_color=\"#777777\" form_field_focus_background_color=\"#000000\" form_field_focus_text_color=\"#7CDA24\" title_font=\"Arial||||||||\" title_text_color=\"#000000\" title_font_size=\"26px\" captcha_font=\"Arial||||||||\" captcha_text_color=\"#FFFFFF\" captcha_font_size=\"15px\" form_field_font=\"Arial||||||||\" form_field_font_size=\"15px\" background_color=\"RGBA(255,255,255,0)\" custom_button=\"on\" button_text_size=\"15px\" button_text_color=\"#FFFFFF\" button_letter_spacing=\"0px\" button_icon_color=\"#FFFFFF\" width=\"95%\" custom_margin=\"||||false|false\" custom_padding=\"3px|||||\" global_colors_info=\"{}\"][et_pb_contact_field field_id=\"Name\" field_title=\"Name\" _builder_version=\"4.16\" form_field_font_size=\"15px\" background_color=\"RGBA(255,255,255,0)\" background_enable_color=\"on\" global_colors_info=\"{}\" button_text_size__hover_enabled=\"off\" button_one_text_size__hover_enabled=\"off\" button_two_text_size__hover_enabled=\"off\" button_text_color__hover_enabled=\"off\" button_one_text_color__hover_enabled=\"off\" button_two_text_color__hover_enabled=\"off\" button_border_width__hover_enabled=\"off\" button_one_border_width__hover_enabled=\"off\" button_two_border_width__hover_enabled=\"off\" button_border_color__hover_enabled=\"off\" button_one_border_color__hover_enabled=\"off\" button_two_border_color__hover_enabled=\"off\" button_border_radius__hover_enabled=\"off\" button_one_border_radius__hover_enabled=\"off\" button_two_border_radius__hover_enabled=\"off\" button_letter_spacing__hover_enabled=\"off\" button_one_letter_spacing__hover_enabled=\"off\" button_two_letter_spacing__hover_enabled=\"off\" button_bg_color__hover_enabled=\"off\" button_one_bg_color__hover_enabled=\"off\" button_two_bg_color__hover_enabled=\"off\"][\/et_pb_contact_field][et_pb_contact_field field_id=\"Email\" field_title=\"E-Mail-Adresse\" field_type=\"email\" _builder_version=\"4.16\" background_color=\"RGBA(255,255,255,0)\" background_enable_color=\"on\" global_colors_info=\"{}\" button_text_size__hover_enabled=\"off\" button_one_text_size__hover_enabled=\"off\" button_two_text_size__hover_enabled=\"off\" button_text_color__hover_enabled=\"off\" button_one_text_color__hover_enabled=\"off\" button_two_text_color__hover_enabled=\"off\" button_border_width__hover_enabled=\"off\" button_one_border_width__hover_enabled=\"off\" button_two_border_width__hover_enabled=\"off\" button_border_color__hover_enabled=\"off\" button_one_border_color__hover_enabled=\"off\" button_two_border_color__hover_enabled=\"off\" button_border_radius__hover_enabled=\"off\" button_one_border_radius__hover_enabled=\"off\" button_two_border_radius__hover_enabled=\"off\" button_letter_spacing__hover_enabled=\"off\" button_one_letter_spacing__hover_enabled=\"off\" button_two_letter_spacing__hover_enabled=\"off\" button_bg_color__hover_enabled=\"off\" button_one_bg_color__hover_enabled=\"off\" button_two_bg_color__hover_enabled=\"off\"][\/et_pb_contact_field][et_pb_contact_field field_id=\"Message\" field_title=\"Nachricht\" field_type=\"text\" fullwidth_field=\"on\" _builder_version=\"4.16\" background_color=\"RGBA(255,255,255,0)\" background_enable_color=\"on\" global_colors_info=\"{}\" button_text_size__hover_enabled=\"off\" button_one_text_size__hover_enabled=\"off\" button_two_text_size__hover_enabled=\"off\" button_text_color__hover_enabled=\"off\" button_one_text_color__hover_enabled=\"off\" button_two_text_color__hover_enabled=\"off\" button_border_width__hover_enabled=\"off\" button_one_border_width__hover_enabled=\"off\" button_two_border_width__hover_enabled=\"off\" button_border_color__hover_enabled=\"off\" button_one_border_color__hover_enabled=\"off\" button_two_border_color__hover_enabled=\"off\" button_border_radius__hover_enabled=\"off\" button_one_border_radius__hover_enabled=\"off\" button_two_border_radius__hover_enabled=\"off\" button_letter_spacing__hover_enabled=\"off\" button_one_letter_spacing__hover_enabled=\"off\" button_two_letter_spacing__hover_enabled=\"off\" button_bg_color__hover_enabled=\"off\" button_one_bg_color__hover_enabled=\"off\" button_two_bg_color__hover_enabled=\"off\"][\/et_pb_contact_field][et_pb_contact_field field_id=\"Opt-In\" field_title=\"...\" field_type=\"checkbox\" checkbox_options=\"%91{%22value%22:%22Ich habe die Datenschutzerkl\u00e4rung zur Kenntnis genommen. Ich stimme zu, dass meine Angaben zur Kontaktaufnahme und f\u00fcr R\u00fcckfragen dauerhaft gespeichert werden. Diese Einwilligung kann jederzeit mit Wirkung f\u00fcr die Zukunft widerrufen werden.%22,%22checked%22:0,%22dragID%22:-1}%93\" fullwidth_field=\"on\" _builder_version=\"4.16\" _module_preset=\"default\" form_field_background_color=\"#a3a3a3\" form_field_text_color=\"#FFFFFF\" form_field_focus_background_color=\"#FFFFFF\" form_field_focus_text_color=\"#000000\" background_color=\"RGBA(255,255,255,0)\" background_enable_color=\"on\" custom_margin=\"-2em||||false|false\" custom_padding=\"||||false|false\" global_colors_info=\"{}\"][\/et_pb_contact_field][\/et_pb_contact_form][\/et_pb_column][\/et_pb_row][\/et_pb_section]<\/p>","_et_gb_content_width":"","footnotes":""},"class_list":["post-412","page","type-page","status-publish","hentry"],"_links":{"self":[{"href":"https:\/\/adventsmarkt-moedingen-2024.webdesign-schwaben.de\/index.php\/wp-json\/wp\/v2\/pages\/412","targetHints":{"allow":["GET"]}}],"collection":[{"href":"https:\/\/adventsmarkt-moedingen-2024.webdesign-schwaben.de\/index.php\/wp-json\/wp\/v2\/pages"}],"about":[{"href":"https:\/\/adventsmarkt-moedingen-2024.webdesign-schwaben.de\/index.php\/wp-json\/wp\/v2\/types\/page"}],"author":[{"embeddable":true,"href":"https:\/\/adventsmarkt-moedingen-2024.webdesign-schwaben.de\/index.php\/wp-json\/wp\/v2\/users\/1"}],"replies":[{"embeddable":true,"href":"https:\/\/adventsmarkt-moedingen-2024.webdesign-schwaben.de\/index.php\/wp-json\/wp\/v2\/comments?post=412"}],"version-history":[{"count":41,"href":"https:\/\/adventsmarkt-moedingen-2024.webdesign-schwaben.de\/index.php\/wp-json\/wp\/v2\/pages\/412\/revisions"}],"predecessor-version":[{"id":1189,"href":"https:\/\/adventsmarkt-moedingen-2024.webdesign-schwaben.de\/index.php\/wp-json\/wp\/v2\/pages\/412\/revisions\/1189"}],"wp:attachment":[{"href":"https:\/\/adventsmarkt-moedingen-2024.webdesign-schwaben.de\/index.php\/wp-json\/wp\/v2\/media?parent=412"}],"curies":[{"name":"wp","href":"https:\/\/api.w.org\/{rel}","templated":true}]}}